{"id":1819,"date":"2025-08-02T18:38:55","date_gmt":"2025-08-02T18:38:55","guid":{"rendered":"https:\/\/solidariosestrella.org\/?page_id=1819"},"modified":"2025-08-02T18:41:44","modified_gmt":"2025-08-02T18:41:44","slug":"descargo-de-responsabilidad","status":"publish","type":"page","link":"https:\/\/solidariosestrella.org\/en\/descargo-de-responsabilidad\/","title":{"rendered":"Descargo de Responsabilidad"},"content":{"rendered":"<div data-elementor-type=\"wp-page\" data-elementor-id=\"1819\" class=\"elementor elementor-1819\" data-elementor-post-type=\"page\">\n\t\t\t\t<div class=\"elementor-element elementor-element-3edee82 e-con-full e-flex e-con e-parent\" data-id=\"3edee82\" data-element_type=\"container\" data-e-type=\"container\">\n\t\t\t\t<div class=\"elementor-element elementor-element-dfe161e elementor-widget elementor-widget-template\" data-id=\"dfe161e\" data-element_type=\"widget\" data-e-type=\"widget\" data-widget_type=\"template.default\">\n\t\t\t\t<div class=\"elementor-widget-container\">\n\t\t\t\t\t\t\t<div class=\"elementor-template\">\n\t\t\t\t\t<div data-elementor-type=\"container\" data-elementor-id=\"199\" class=\"elementor elementor-199\" data-elementor-post-type=\"elementor_library\">\n\t\t\t\t<div class=\"elementor-element elementor-element-67d10566 e-flex e-con-boxed e-con e-parent\" data-id=\"67d10566\" data-element_type=\"container\" data-e-type=\"container\" data-settings=\"{&quot;background_background&quot;:&quot;classic&quot;}\">\n\t\t\t\t\t<div class=\"e-con-inner\">\n\t\t<div class=\"elementor-element elementor-element-65cef2c6 e-con-full e-flex e-con e-child\" data-id=\"65cef2c6\" data-element_type=\"container\" data-e-type=\"container\">\n\t\t\t\t<div class=\"elementor-element elementor-element-253db00c elementor-widget elementor-widget-heading\" data-id=\"253db00c\" data-element_type=\"widget\" data-e-type=\"widget\" data-widget_type=\"heading.default\">\n\t\t\t\t<div class=\"elementor-widget-container\">\n\t\t\t\t\t<h1 class=\"elementor-heading-title elementor-size-default\">Descargo de Responsabilidad<\/h1>\t\t\t\t<\/div>\n\t\t\t\t<\/div>\n\t\t\t\t<div class=\"elementor-element elementor-element-41696eba elementor-widget-divider--view-line elementor-widget elementor-widget-divider\" data-id=\"41696eba\" data-element_type=\"widget\" data-e-type=\"widget\" data-widget_type=\"divider.default\">\n\t\t\t\t<div class=\"elementor-widget-container\">\n\t\t\t\t\t\t\t<div class=\"elementor-divider\">\n\t\t\t<span class=\"elementor-divider-separator\">\n\t\t\t\t\t\t<\/span>\n\t\t<\/div>\n\t\t\t\t\t\t<\/div>\n\t\t\t\t<\/div>\n\t\t\t\t<\/div>\n\t\t\t\t\t<\/div>\n\t\t\t\t<\/div>\n\t\t\t\t<\/div>\n\t\t\t\t<\/div>\n\t\t\t\t\t\t<\/div>\n\t\t\t\t<\/div>\n\t\t\t\t<\/div>\n\t\t<div class=\"elementor-element elementor-element-c19c097 e-flex e-con-boxed e-con e-parent\" data-id=\"c19c097\" data-element_type=\"container\" data-e-type=\"container\">\n\t\t\t\t\t<div class=\"e-con-inner\">\n\t\t\t\t<div class=\"elementor-element elementor-element-4cd9f6a elementor-widget elementor-widget-text-editor\" data-id=\"4cd9f6a\" data-element_type=\"widget\" data-e-type=\"widget\" data-widget_type=\"text-editor.default\">\n\t\t\t\t<div class=\"elementor-widget-container\">\n\t\t\t\t\t\t\t\t\t<p>El presente Descargo de Responsabilidad regula el uso del sitio web www.solidariosestrella.org (en adelante, \u201cel sitio web\u201d), gestionado por Solidarios Estrella, una organizaci\u00f3n sin fines de lucro comprometida con iniciativas de impacto social.<\/p><h3>1. Finalidad informativa<\/h3><p><br \/>El contenido publicado en este sitio web tiene un car\u00e1cter puramente informativo y orientativo. Aunque Solidarios Estrella realiza esfuerzos razonables para mantener actualizada la informaci\u00f3n, no garantiza que toda la informaci\u00f3n sea exacta, completa o actualizada en todo momento.<\/p><p>Solidarios Estrella no se hace responsable de las decisiones que el usuario tome a partir de la informaci\u00f3n publicada, ni de los da\u00f1os o perjuicios que puedan derivarse de su uso.<\/p><h3>2. Exclusi\u00f3n de garant\u00edas y responsabilidades<\/h3><p><br \/>El sitio web se proporciona \u201ctal cual\u201d y \u201cseg\u00fan disponibilidad\u201d. Solidarios Estrella no garantiza:<\/p><p>La ausencia de errores u omisiones en los contenidos.<\/p><p>La disponibilidad continua del sitio o de sus funcionalidades.<\/p><p>La ausencia de virus u otros elementos da\u00f1inos en el sitio o en el servidor que lo aloja.<\/p><p>El acceso al sitio y el uso que se haga del mismo son responsabilidad exclusiva del usuario.<\/p><h3>3. Enlaces externos<\/h3><p><br \/>Este sitio web puede incluir enlaces a p\u00e1ginas de terceros (ONG, instituciones p\u00fablicas, colaboradores, etc.) con el \u00fanico fin de proporcionar al usuario informaci\u00f3n complementaria.<\/p><p>Solidarios Estrella no asume ninguna responsabilidad sobre el contenido, pol\u00edticas, seguridad o pr\u00e1cticas de dichos sitios externos, y el hecho de que se incluyan no implica necesariamente una relaci\u00f3n directa o respaldo.<\/p><h3>4. Comentarios y contenidos generados por usuarios<\/h3><p><br \/>En caso de habilitarse formularios, comentarios o espacios de participaci\u00f3n, Solidarios Estrella no se hace responsable de las opiniones o afirmaciones vertidas por los usuarios, quienes ser\u00e1n los \u00fanicos responsables de sus mensajes.<\/p><p>No obstante, se reserva el derecho a eliminar cualquier contenido que considere ofensivo, il\u00edcito o contrario a los fines de la organizaci\u00f3n.<\/p><h3>5. Modificaciones<\/h3><p><br \/>Solidarios Estrella se reserva el derecho de modificar en cualquier momento el contenido del presente Descargo de Responsabilidad para adaptarlo a cambios legales, t\u00e9cnicos o de funcionamiento. Se recomienda revisar este apartado peri\u00f3dicamente.<\/p><h3>6. Legislaci\u00f3n aplicable<\/h3><p><br \/>Este descargo se rige por la legislaci\u00f3n vigente en Rep\u00fablica Dominicana. Cualquier disputa derivada del uso de este sitio ser\u00e1 sometida a los tribunales competentes del domicilio social de Solidarios Estrella.<\/p><p>\u00a0<\/p>\t\t\t\t\t\t\t\t<\/div>\n\t\t\t\t<\/div>\n\t\t\t\t\t<\/div>\n\t\t\t\t<\/div>\n\t\t\t\t<\/div>","protected":false},"excerpt":{"rendered":"<p>El presente Descargo de Responsabilidad regula el uso del sitio web www.solidariosestrella.org (en adelante, \u201cel sitio web\u201d), gestionado por Solidarios Estrella, una organizaci\u00f3n sin fines de lucro comprometida con iniciativas [&hellip;]<\/p>\n","protected":false},"author":1,"featured_media":1378,"parent":0,"menu_order":0,"comment_status":"closed","ping_status":"closed","template":"","meta":{"_price":"","_stock":"","_tribe_ticket_header":"","_tribe_default_ticket_provider":"","_tribe_ticket_capacity":"0","_ticket_start_date":"","_ticket_end_date":"","_tribe_ticket_show_description":"","_tribe_ticket_show_not_going":false,"_tribe_ticket_use_global_stock":"","_tribe_ticket_global_stock_level":"","_global_stock_mode":"","_global_stock_cap":"","_tribe_rsvp_for_event":"","_tribe_ticket_going_count":"","_tribe_ticket_not_going_count":"","_tribe_tickets_list":"[]","_tribe_ticket_has_attendee_info_fields":false,"footnotes":""},"categoria":[],"class_list":["post-1819","page","type-page","status-publish","has-post-thumbnail","hentry"],"yoast_head":"<!-- This site is optimized with the Yoast SEO plugin v27.4 - https:\/\/yoast.com\/product\/yoast-seo-wordpress\/ -->\n<title>Descargo de Responsabilidad - Solidarios Estrella<\/title>\n<meta name=\"robots\" content=\"index, follow, max-snippet:-1, max-image-preview:large, max-video-preview:-1\" \/>\n<link rel=\"canonical\" href=\"https:\/\/solidariosestrella.org\/en\/descargo-de-responsabilidad\/\" \/>\n<meta property=\"og:locale\" content=\"en_US\" \/>\n<meta property=\"og:type\" content=\"article\" \/>\n<meta property=\"og:title\" content=\"Descargo de Responsabilidad - Solidarios Estrella\" \/>\n<meta property=\"og:description\" content=\"El presente Descargo de Responsabilidad regula el uso del sitio web www.solidariosestrella.org (en adelante, \u201cel sitio web\u201d), gestionado por Solidarios Estrella, una organizaci\u00f3n sin fines de lucro comprometida con iniciativas [&hellip;]\" \/>\n<meta property=\"og:url\" content=\"https:\/\/solidariosestrella.org\/en\/descargo-de-responsabilidad\/\" \/>\n<meta property=\"og:site_name\" content=\"Solidarios Estrella\" \/>\n<meta property=\"article:publisher\" content=\"https:\/\/www.facebook.com\/profile.php?id=61576196532485\" \/>\n<meta property=\"article:modified_time\" content=\"2025-08-02T18:41:44+00:00\" \/>\n<meta property=\"og:image\" content=\"https:\/\/solidariosestrella.org\/wp-content\/uploads\/2025\/07\/SE-Casos-activos-scaled.png\" \/>\n\t<meta property=\"og:image:width\" content=\"2560\" \/>\n\t<meta property=\"og:image:height\" content=\"738\" \/>\n\t<meta property=\"og:image:type\" content=\"image\/png\" \/>\n<meta name=\"twitter:card\" content=\"summary_large_image\" \/>\n<meta name=\"twitter:site\" content=\"@FSolidariosE\" \/>\n<meta name=\"twitter:label1\" content=\"Est. reading time\" \/>\n\t<meta name=\"twitter:data1\" content=\"2 minutes\" \/>\n<script type=\"application\/ld+json\" class=\"yoast-schema-graph\">{\"@context\":\"https:\\\/\\\/schema.org\",\"@graph\":[{\"@type\":\"WebPage\",\"@id\":\"https:\\\/\\\/solidariosestrella.org\\\/descargo-de-responsabilidad\\\/\",\"url\":\"https:\\\/\\\/solidariosestrella.org\\\/descargo-de-responsabilidad\\\/\",\"name\":\"Descargo de Responsabilidad - Solidarios Estrella\",\"isPartOf\":{\"@id\":\"https:\\\/\\\/solidariosestrella.org\\\/#website\"},\"primaryImageOfPage\":{\"@id\":\"https:\\\/\\\/solidariosestrella.org\\\/descargo-de-responsabilidad\\\/#primaryimage\"},\"image\":{\"@id\":\"https:\\\/\\\/solidariosestrella.org\\\/descargo-de-responsabilidad\\\/#primaryimage\"},\"thumbnailUrl\":\"https:\\\/\\\/solidariosestrella.org\\\/wp-content\\\/uploads\\\/2025\\\/07\\\/SE-Casos-activos-scaled.png\",\"datePublished\":\"2025-08-02T18:38:55+00:00\",\"dateModified\":\"2025-08-02T18:41:44+00:00\",\"breadcrumb\":{\"@id\":\"https:\\\/\\\/solidariosestrella.org\\\/descargo-de-responsabilidad\\\/#breadcrumb\"},\"inLanguage\":\"en-US\",\"potentialAction\":[{\"@type\":\"ReadAction\",\"target\":[\"https:\\\/\\\/solidariosestrella.org\\\/descargo-de-responsabilidad\\\/\"]}]},{\"@type\":\"ImageObject\",\"inLanguage\":\"en-US\",\"@id\":\"https:\\\/\\\/solidariosestrella.org\\\/descargo-de-responsabilidad\\\/#primaryimage\",\"url\":\"https:\\\/\\\/solidariosestrella.org\\\/wp-content\\\/uploads\\\/2025\\\/07\\\/SE-Casos-activos-scaled.png\",\"contentUrl\":\"https:\\\/\\\/solidariosestrella.org\\\/wp-content\\\/uploads\\\/2025\\\/07\\\/SE-Casos-activos-scaled.png\",\"width\":2560,\"height\":738},{\"@type\":\"BreadcrumbList\",\"@id\":\"https:\\\/\\\/solidariosestrella.org\\\/descargo-de-responsabilidad\\\/#breadcrumb\",\"itemListElement\":[{\"@type\":\"ListItem\",\"position\":1,\"name\":\"Home\",\"item\":\"https:\\\/\\\/solidariosestrella.org\\\/\"},{\"@type\":\"ListItem\",\"position\":2,\"name\":\"Descargo de Responsabilidad\"}]},{\"@type\":\"WebSite\",\"@id\":\"https:\\\/\\\/solidariosestrella.org\\\/#website\",\"url\":\"https:\\\/\\\/solidariosestrella.org\\\/\",\"name\":\"Solidarios Estrella\",\"description\":\"\",\"publisher\":{\"@id\":\"https:\\\/\\\/solidariosestrella.org\\\/#organization\"},\"potentialAction\":[{\"@type\":\"SearchAction\",\"target\":{\"@type\":\"EntryPoint\",\"urlTemplate\":\"https:\\\/\\\/solidariosestrella.org\\\/?s={search_term_string}\"},\"query-input\":{\"@type\":\"PropertyValueSpecification\",\"valueRequired\":true,\"valueName\":\"search_term_string\"}}],\"inLanguage\":\"en-US\"},{\"@type\":\"Organization\",\"@id\":\"https:\\\/\\\/solidariosestrella.org\\\/#organization\",\"name\":\"Solidarios Estrella\",\"url\":\"https:\\\/\\\/solidariosestrella.org\\\/\",\"logo\":{\"@type\":\"ImageObject\",\"inLanguage\":\"en-US\",\"@id\":\"https:\\\/\\\/solidariosestrella.org\\\/#\\\/schema\\\/logo\\\/image\\\/\",\"url\":\"https:\\\/\\\/solidariosestrella.org\\\/wp-content\\\/uploads\\\/2025\\\/07\\\/SE_LogoColorHD_250712_V1.png\",\"contentUrl\":\"https:\\\/\\\/solidariosestrella.org\\\/wp-content\\\/uploads\\\/2025\\\/07\\\/SE_LogoColorHD_250712_V1.png\",\"width\":1782,\"height\":406,\"caption\":\"Solidarios Estrella\"},\"image\":{\"@id\":\"https:\\\/\\\/solidariosestrella.org\\\/#\\\/schema\\\/logo\\\/image\\\/\"},\"sameAs\":[\"https:\\\/\\\/www.facebook.com\\\/profile.php?id=61576196532485\",\"https:\\\/\\\/x.com\\\/FSolidariosE\",\"https:\\\/\\\/www.youtube.com\\\/@FundacionSolidariosEstrella\",\"https:\\\/\\\/www.instagram.com\\\/solidariosestrella?utm_source=ig_web_button_share_sheet&igsh=cHI0OW4wYW8ybDE=\"]}]}<\/script>\n<!-- \/ Yoast SEO plugin. -->","yoast_head_json":{"title":"Descargo de Responsabilidad - Solidarios Estrella","robots":{"index":"index","follow":"follow","max-snippet":"max-snippet:-1","max-image-preview":"max-image-preview:large","max-video-preview":"max-video-preview:-1"},"canonical":"https:\/\/solidariosestrella.org\/en\/descargo-de-responsabilidad\/","og_locale":"en_US","og_type":"article","og_title":"Descargo de Responsabilidad - Solidarios Estrella","og_description":"El presente Descargo de Responsabilidad regula el uso del sitio web www.solidariosestrella.org (en adelante, \u201cel sitio web\u201d), gestionado por Solidarios Estrella, una organizaci\u00f3n sin fines de lucro comprometida con iniciativas [&hellip;]","og_url":"https:\/\/solidariosestrella.org\/en\/descargo-de-responsabilidad\/","og_site_name":"Solidarios Estrella","article_publisher":"https:\/\/www.facebook.com\/profile.php?id=61576196532485","article_modified_time":"2025-08-02T18:41:44+00:00","og_image":[{"width":2560,"height":738,"url":"https:\/\/solidariosestrella.org\/wp-content\/uploads\/2025\/07\/SE-Casos-activos-scaled.png","type":"image\/png"}],"twitter_card":"summary_large_image","twitter_site":"@FSolidariosE","twitter_misc":{"Est. reading time":"2 minutes"},"schema":{"@context":"https:\/\/schema.org","@graph":[{"@type":"WebPage","@id":"https:\/\/solidariosestrella.org\/descargo-de-responsabilidad\/","url":"https:\/\/solidariosestrella.org\/descargo-de-responsabilidad\/","name":"Descargo de Responsabilidad - Solidarios Estrella","isPartOf":{"@id":"https:\/\/solidariosestrella.org\/#website"},"primaryImageOfPage":{"@id":"https:\/\/solidariosestrella.org\/descargo-de-responsabilidad\/#primaryimage"},"image":{"@id":"https:\/\/solidariosestrella.org\/descargo-de-responsabilidad\/#primaryimage"},"thumbnailUrl":"https:\/\/solidariosestrella.org\/wp-content\/uploads\/2025\/07\/SE-Casos-activos-scaled.png","datePublished":"2025-08-02T18:38:55+00:00","dateModified":"2025-08-02T18:41:44+00:00","breadcrumb":{"@id":"https:\/\/solidariosestrella.org\/descargo-de-responsabilidad\/#breadcrumb"},"inLanguage":"en-US","potentialAction":[{"@type":"ReadAction","target":["https:\/\/solidariosestrella.org\/descargo-de-responsabilidad\/"]}]},{"@type":"ImageObject","inLanguage":"en-US","@id":"https:\/\/solidariosestrella.org\/descargo-de-responsabilidad\/#primaryimage","url":"https:\/\/solidariosestrella.org\/wp-content\/uploads\/2025\/07\/SE-Casos-activos-scaled.png","contentUrl":"https:\/\/solidariosestrella.org\/wp-content\/uploads\/2025\/07\/SE-Casos-activos-scaled.png","width":2560,"height":738},{"@type":"BreadcrumbList","@id":"https:\/\/solidariosestrella.org\/descargo-de-responsabilidad\/#breadcrumb","itemListElement":[{"@type":"ListItem","position":1,"name":"Home","item":"https:\/\/solidariosestrella.org\/"},{"@type":"ListItem","position":2,"name":"Descargo de Responsabilidad"}]},{"@type":"WebSite","@id":"https:\/\/solidariosestrella.org\/#website","url":"https:\/\/solidariosestrella.org\/","name":"Solidarios Estrella","description":"","publisher":{"@id":"https:\/\/solidariosestrella.org\/#organization"},"potentialAction":[{"@type":"SearchAction","target":{"@type":"EntryPoint","urlTemplate":"https:\/\/solidariosestrella.org\/?s={search_term_string}"},"query-input":{"@type":"PropertyValueSpecification","valueRequired":true,"valueName":"search_term_string"}}],"inLanguage":"en-US"},{"@type":"Organization","@id":"https:\/\/solidariosestrella.org\/#organization","name":"Solidarios Estrella","url":"https:\/\/solidariosestrella.org\/","logo":{"@type":"ImageObject","inLanguage":"en-US","@id":"https:\/\/solidariosestrella.org\/#\/schema\/logo\/image\/","url":"https:\/\/solidariosestrella.org\/wp-content\/uploads\/2025\/07\/SE_LogoColorHD_250712_V1.png","contentUrl":"https:\/\/solidariosestrella.org\/wp-content\/uploads\/2025\/07\/SE_LogoColorHD_250712_V1.png","width":1782,"height":406,"caption":"Solidarios Estrella"},"image":{"@id":"https:\/\/solidariosestrella.org\/#\/schema\/logo\/image\/"},"sameAs":["https:\/\/www.facebook.com\/profile.php?id=61576196532485","https:\/\/x.com\/FSolidariosE","https:\/\/www.youtube.com\/@FundacionSolidariosEstrella","https:\/\/www.instagram.com\/solidariosestrella?utm_source=ig_web_button_share_sheet&igsh=cHI0OW4wYW8ybDE="]}]}},"_links":{"self":[{"href":"https:\/\/solidariosestrella.org\/en\/wp-json\/wp\/v2\/pages\/1819","targetHints":{"allow":["GET"]}}],"collection":[{"href":"https:\/\/solidariosestrella.org\/en\/wp-json\/wp\/v2\/pages"}],"about":[{"href":"https:\/\/solidariosestrella.org\/en\/wp-json\/wp\/v2\/types\/page"}],"author":[{"embeddable":true,"href":"https:\/\/solidariosestrella.org\/en\/wp-json\/wp\/v2\/users\/1"}],"replies":[{"embeddable":true,"href":"https:\/\/solidariosestrella.org\/en\/wp-json\/wp\/v2\/comments?post=1819"}],"version-history":[{"count":0,"href":"https:\/\/solidariosestrella.org\/en\/wp-json\/wp\/v2\/pages\/1819\/revisions"}],"wp:featuredmedia":[{"embeddable":true,"href":"https:\/\/solidariosestrella.org\/en\/wp-json\/wp\/v2\/media\/1378"}],"wp:attachment":[{"href":"https:\/\/solidariosestrella.org\/en\/wp-json\/wp\/v2\/media?parent=1819"}],"wp:term":[{"taxonomy":"categoria","embeddable":true,"href":"https:\/\/solidariosestrella.org\/en\/wp-json\/wp\/v2\/categoria?post=1819"}],"curies":[{"name":"wp","href":"https:\/\/api.w.org\/{rel}","templated":true}]}}