{"id":2040,"date":"2025-09-03T23:47:29","date_gmt":"2025-09-03T23:47:29","guid":{"rendered":"https:\/\/solidariosestrella.org\/?page_id=2040"},"modified":"2025-09-03T23:50:52","modified_gmt":"2025-09-03T23:50:52","slug":"agradecimientos","status":"publish","type":"page","link":"https:\/\/solidariosestrella.org\/en\/agradecimientos\/","title":{"rendered":"Agradecimientos"},"content":{"rendered":"<div data-elementor-type=\"wp-page\" data-elementor-id=\"2040\" class=\"elementor elementor-2040\" data-elementor-post-type=\"page\">\n\t\t\t\t<div class=\"elementor-element elementor-element-57932d9 e-con-full e-flex e-con e-parent\" data-id=\"57932d9\" data-element_type=\"container\" data-e-type=\"container\">\n\t\t\t\t<div class=\"elementor-element elementor-element-a57a8d1 elementor-widget elementor-widget-template\" data-id=\"a57a8d1\" data-element_type=\"widget\" data-e-type=\"widget\" data-widget_type=\"template.default\">\n\t\t\t\t<div class=\"elementor-widget-container\">\n\t\t\t\t\t\t\t<div class=\"elementor-template\">\n\t\t\t\t\t<div data-elementor-type=\"container\" data-elementor-id=\"199\" class=\"elementor elementor-199\" data-elementor-post-type=\"elementor_library\">\n\t\t\t\t<div class=\"elementor-element elementor-element-67d10566 e-flex e-con-boxed e-con e-parent\" data-id=\"67d10566\" data-element_type=\"container\" data-e-type=\"container\" data-settings=\"{&quot;background_background&quot;:&quot;classic&quot;}\">\n\t\t\t\t\t<div class=\"e-con-inner\">\n\t\t<div class=\"elementor-element elementor-element-65cef2c6 e-con-full e-flex e-con e-child\" data-id=\"65cef2c6\" data-element_type=\"container\" data-e-type=\"container\">\n\t\t\t\t<div class=\"elementor-element elementor-element-253db00c elementor-widget elementor-widget-heading\" data-id=\"253db00c\" data-element_type=\"widget\" data-e-type=\"widget\" data-widget_type=\"heading.default\">\n\t\t\t\t<div class=\"elementor-widget-container\">\n\t\t\t\t\t<h1 class=\"elementor-heading-title elementor-size-default\">Agradecimientos<\/h1>\t\t\t\t<\/div>\n\t\t\t\t<\/div>\n\t\t\t\t<div class=\"elementor-element elementor-element-41696eba elementor-widget-divider--view-line elementor-widget elementor-widget-divider\" data-id=\"41696eba\" data-element_type=\"widget\" data-e-type=\"widget\" data-widget_type=\"divider.default\">\n\t\t\t\t<div class=\"elementor-widget-container\">\n\t\t\t\t\t\t\t<div class=\"elementor-divider\">\n\t\t\t<span class=\"elementor-divider-separator\">\n\t\t\t\t\t\t<\/span>\n\t\t<\/div>\n\t\t\t\t\t\t<\/div>\n\t\t\t\t<\/div>\n\t\t\t\t<\/div>\n\t\t\t\t\t<\/div>\n\t\t\t\t<\/div>\n\t\t\t\t<\/div>\n\t\t\t\t<\/div>\n\t\t\t\t\t\t<\/div>\n\t\t\t\t<\/div>\n\t\t\t\t<\/div>\n\t\t<div class=\"elementor-element elementor-element-41fc461 e-flex e-con-boxed e-con e-parent\" data-id=\"41fc461\" data-element_type=\"container\" data-e-type=\"container\">\n\t\t\t\t\t<div class=\"e-con-inner\">\n\t\t<div class=\"elementor-element elementor-element-a37c22c e-con-full e-flex e-con e-child\" data-id=\"a37c22c\" data-element_type=\"container\" data-e-type=\"container\">\n\t\t<div class=\"elementor-element elementor-element-a9468c7 e-con-full e-flex e-con e-child\" data-id=\"a9468c7\" data-element_type=\"container\" data-e-type=\"container\">\n\t\t\t\t<div class=\"elementor-element elementor-element-4dff74a elementor-widget elementor-widget-heading\" data-id=\"4dff74a\" data-element_type=\"widget\" data-e-type=\"widget\" data-widget_type=\"heading.default\">\n\t\t\t\t<div class=\"elementor-widget-container\">\n\t\t\t\t\t<h2 class=\"elementor-heading-title elementor-size-default\">\u00a1Mil gracias por tu donaci\u00f3n!<\/h2>\t\t\t\t<\/div>\n\t\t\t\t<\/div>\n\t\t\t\t<div class=\"elementor-element elementor-element-5b7b72a elementor-widget elementor-widget-text-editor\" data-id=\"5b7b72a\" data-element_type=\"widget\" data-e-type=\"widget\" data-widget_type=\"text-editor.default\">\n\t\t\t\t<div class=\"elementor-widget-container\">\n\t\t\t\t\t\t\t\t\t<p>De parte de todo el equipo de Solidarios Estrella, queremos darte las gracias desde lo m\u00e1s profundo del coraz\u00f3n.<\/p><p>Tu donaci\u00f3n \u2014ya sea de $10, $50 o $100\u2014 no es solo un n\u00famero, es un acto de amor. Es esperanza para quienes m\u00e1s lo necesitan. Es una luz que se enciende en medio de la oscuridad.<\/p><p>Gracias por creer. Gracias por estar. Gracias por ser parte de esta red de solidaridad que no deja a nadie atr\u00e1s.<br \/>Contigo, somos m\u00e1s fuertes. Contigo, somos Solidarios Estrella.<\/p><p>\ud83d\udc99 Con gratitud infinita,<br \/>El equipo de Solidarios Estrella<\/p>\t\t\t\t\t\t\t\t<\/div>\n\t\t\t\t<\/div>\n\t\t<div class=\"elementor-element elementor-element-5e8b93f e-con-full e-flex e-con e-child\" data-id=\"5e8b93f\" data-element_type=\"container\" data-e-type=\"container\">\n\t\t\t\t<div class=\"elementor-element elementor-element-fde261c elementor-widget elementor-widget-button\" data-id=\"fde261c\" data-element_type=\"widget\" data-e-type=\"widget\" data-widget_type=\"button.default\">\n\t\t\t\t<div class=\"elementor-widget-container\">\n\t\t\t\t\t\t\t\t\t<div class=\"elementor-button-wrapper\">\n\t\t\t\t\t<a class=\"elementor-button elementor-button-link elementor-size-sm\" href=\"https:\/\/solidariosestrella.org\/en\">\n\t\t\t\t\t\t<span class=\"elementor-button-content-wrapper\">\n\t\t\t\t\t\t\t\t\t<span class=\"elementor-button-text\">Volver al inicio<\/span>\n\t\t\t\t\t<\/span>\n\t\t\t\t\t<\/a>\n\t\t\t\t<\/div>\n\t\t\t\t\t\t\t\t<\/div>\n\t\t\t\t<\/div>\n\t\t\t\t<div class=\"elementor-element elementor-element-a9965e0 elementor-widget elementor-widget-button\" data-id=\"a9965e0\" data-element_type=\"widget\" data-e-type=\"widget\" data-widget_type=\"button.default\">\n\t\t\t\t<div class=\"elementor-widget-container\">\n\t\t\t\t\t\t\t\t\t<div class=\"elementor-button-wrapper\">\n\t\t\t\t\t<a class=\"elementor-button elementor-button-link elementor-size-sm\" href=\"https:\/\/solidariosestrella.org\/en\/casos-activos\/\">\n\t\t\t\t\t\t<span class=\"elementor-button-content-wrapper\">\n\t\t\t\t\t\t\t\t\t<span class=\"elementor-button-text\">Ir a casos activos<\/span>\n\t\t\t\t\t<\/span>\n\t\t\t\t\t<\/a>\n\t\t\t\t<\/div>\n\t\t\t\t\t\t\t\t<\/div>\n\t\t\t\t<\/div>\n\t\t\t\t<\/div>\n\t\t\t\t<\/div>\n\t\t\t\t<\/div>\n\t\t\t\t\t<\/div>\n\t\t\t\t<\/div>\n\t\t\t\t<\/div>","protected":false},"excerpt":{"rendered":"<p>\u00a1Mil gracias por tu donaci\u00f3n! De parte de todo el equipo de Solidarios Estrella, queremos darte las gracias desde lo m\u00e1s profundo del coraz\u00f3n. Tu donaci\u00f3n \u2014ya sea de $10, [&hellip;]<\/p>\n","protected":false},"author":1,"featured_media":1362,"parent":0,"menu_order":0,"comment_status":"closed","ping_status":"closed","template":"","meta":{"_price":"","_stock":"","_tribe_ticket_header":"","_tribe_default_ticket_provider":"","_tribe_ticket_capacity":"0","_ticket_start_date":"","_ticket_end_date":"","_tribe_ticket_show_description":"","_tribe_ticket_show_not_going":false,"_tribe_ticket_use_global_stock":"","_tribe_ticket_global_stock_level":"","_global_stock_mode":"","_global_stock_cap":"","_tribe_rsvp_for_event":"","_tribe_ticket_going_count":"","_tribe_ticket_not_going_count":"","_tribe_tickets_list":"[]","_tribe_ticket_has_attendee_info_fields":false,"footnotes":""},"categoria":[],"class_list":["post-2040","page","type-page","status-publish","has-post-thumbnail","hentry"],"yoast_head":"<!-- This site is optimized with the Yoast SEO plugin v27.4 - https:\/\/yoast.com\/product\/yoast-seo-wordpress\/ -->\n<title>Agradecimientos - Solidarios Estrella<\/title>\n<meta name=\"robots\" content=\"index, follow, max-snippet:-1, max-image-preview:large, max-video-preview:-1\" \/>\n<link rel=\"canonical\" href=\"https:\/\/solidariosestrella.org\/en\/agradecimientos\/\" \/>\n<meta property=\"og:locale\" content=\"en_US\" \/>\n<meta property=\"og:type\" content=\"article\" \/>\n<meta property=\"og:title\" content=\"Agradecimientos - Solidarios Estrella\" \/>\n<meta property=\"og:description\" content=\"\u00a1Mil gracias por tu donaci\u00f3n! De parte de todo el equipo de Solidarios Estrella, queremos darte las gracias desde lo m\u00e1s profundo del coraz\u00f3n. Tu donaci\u00f3n \u2014ya sea de $10, [&hellip;]\" \/>\n<meta property=\"og:url\" content=\"https:\/\/solidariosestrella.org\/en\/agradecimientos\/\" \/>\n<meta property=\"og:site_name\" content=\"Solidarios Estrella\" \/>\n<meta property=\"article:publisher\" content=\"https:\/\/www.facebook.com\/profile.php?id=61576196532485\" \/>\n<meta property=\"article:modified_time\" content=\"2025-09-03T23:50:52+00:00\" \/>\n<meta property=\"og:image\" content=\"https:\/\/solidariosestrella.org\/wp-content\/uploads\/2025\/07\/SE_Sobre-Nosotros-Valores-2-1.png\" \/>\n\t<meta property=\"og:image:width\" content=\"1358\" \/>\n\t<meta property=\"og:image:height\" content=\"517\" \/>\n\t<meta property=\"og:image:type\" content=\"image\/png\" \/>\n<meta name=\"twitter:card\" content=\"summary_large_image\" \/>\n<meta name=\"twitter:site\" content=\"@FSolidariosE\" \/>\n<meta name=\"twitter:label1\" content=\"Est. reading time\" \/>\n\t<meta name=\"twitter:data1\" content=\"1 minute\" \/>\n<script type=\"application\/ld+json\" class=\"yoast-schema-graph\">{\"@context\":\"https:\\\/\\\/schema.org\",\"@graph\":[{\"@type\":\"WebPage\",\"@id\":\"https:\\\/\\\/solidariosestrella.org\\\/agradecimientos\\\/\",\"url\":\"https:\\\/\\\/solidariosestrella.org\\\/agradecimientos\\\/\",\"name\":\"Agradecimientos - Solidarios Estrella\",\"isPartOf\":{\"@id\":\"https:\\\/\\\/solidariosestrella.org\\\/#website\"},\"primaryImageOfPage\":{\"@id\":\"https:\\\/\\\/solidariosestrella.org\\\/agradecimientos\\\/#primaryimage\"},\"image\":{\"@id\":\"https:\\\/\\\/solidariosestrella.org\\\/agradecimientos\\\/#primaryimage\"},\"thumbnailUrl\":\"https:\\\/\\\/solidariosestrella.org\\\/wp-content\\\/uploads\\\/2025\\\/07\\\/SE_Sobre-Nosotros-Valores-2-1.png\",\"datePublished\":\"2025-09-03T23:47:29+00:00\",\"dateModified\":\"2025-09-03T23:50:52+00:00\",\"breadcrumb\":{\"@id\":\"https:\\\/\\\/solidariosestrella.org\\\/agradecimientos\\\/#breadcrumb\"},\"inLanguage\":\"en-US\",\"potentialAction\":[{\"@type\":\"ReadAction\",\"target\":[\"https:\\\/\\\/solidariosestrella.org\\\/agradecimientos\\\/\"]}]},{\"@type\":\"ImageObject\",\"inLanguage\":\"en-US\",\"@id\":\"https:\\\/\\\/solidariosestrella.org\\\/agradecimientos\\\/#primaryimage\",\"url\":\"https:\\\/\\\/solidariosestrella.org\\\/wp-content\\\/uploads\\\/2025\\\/07\\\/SE_Sobre-Nosotros-Valores-2-1.png\",\"contentUrl\":\"https:\\\/\\\/solidariosestrella.org\\\/wp-content\\\/uploads\\\/2025\\\/07\\\/SE_Sobre-Nosotros-Valores-2-1.png\",\"width\":1358,\"height\":517},{\"@type\":\"BreadcrumbList\",\"@id\":\"https:\\\/\\\/solidariosestrella.org\\\/agradecimientos\\\/#breadcrumb\",\"itemListElement\":[{\"@type\":\"ListItem\",\"position\":1,\"name\":\"Home\",\"item\":\"https:\\\/\\\/solidariosestrella.org\\\/\"},{\"@type\":\"ListItem\",\"position\":2,\"name\":\"Agradecimientos\"}]},{\"@type\":\"WebSite\",\"@id\":\"https:\\\/\\\/solidariosestrella.org\\\/#website\",\"url\":\"https:\\\/\\\/solidariosestrella.org\\\/\",\"name\":\"Solidarios Estrella\",\"description\":\"\",\"publisher\":{\"@id\":\"https:\\\/\\\/solidariosestrella.org\\\/#organization\"},\"potentialAction\":[{\"@type\":\"SearchAction\",\"target\":{\"@type\":\"EntryPoint\",\"urlTemplate\":\"https:\\\/\\\/solidariosestrella.org\\\/?s={search_term_string}\"},\"query-input\":{\"@type\":\"PropertyValueSpecification\",\"valueRequired\":true,\"valueName\":\"search_term_string\"}}],\"inLanguage\":\"en-US\"},{\"@type\":\"Organization\",\"@id\":\"https:\\\/\\\/solidariosestrella.org\\\/#organization\",\"name\":\"Solidarios Estrella\",\"url\":\"https:\\\/\\\/solidariosestrella.org\\\/\",\"logo\":{\"@type\":\"ImageObject\",\"inLanguage\":\"en-US\",\"@id\":\"https:\\\/\\\/solidariosestrella.org\\\/#\\\/schema\\\/logo\\\/image\\\/\",\"url\":\"https:\\\/\\\/solidariosestrella.org\\\/wp-content\\\/uploads\\\/2025\\\/07\\\/SE_LogoColorHD_250712_V1.png\",\"contentUrl\":\"https:\\\/\\\/solidariosestrella.org\\\/wp-content\\\/uploads\\\/2025\\\/07\\\/SE_LogoColorHD_250712_V1.png\",\"width\":1782,\"height\":406,\"caption\":\"Solidarios Estrella\"},\"image\":{\"@id\":\"https:\\\/\\\/solidariosestrella.org\\\/#\\\/schema\\\/logo\\\/image\\\/\"},\"sameAs\":[\"https:\\\/\\\/www.facebook.com\\\/profile.php?id=61576196532485\",\"https:\\\/\\\/x.com\\\/FSolidariosE\",\"https:\\\/\\\/www.youtube.com\\\/@FundacionSolidariosEstrella\",\"https:\\\/\\\/www.instagram.com\\\/solidariosestrella?utm_source=ig_web_button_share_sheet&igsh=cHI0OW4wYW8ybDE=\"]}]}<\/script>\n<!-- \/ Yoast SEO plugin. -->","yoast_head_json":{"title":"Agradecimientos - Solidarios Estrella","robots":{"index":"index","follow":"follow","max-snippet":"max-snippet:-1","max-image-preview":"max-image-preview:large","max-video-preview":"max-video-preview:-1"},"canonical":"https:\/\/solidariosestrella.org\/en\/agradecimientos\/","og_locale":"en_US","og_type":"article","og_title":"Agradecimientos - Solidarios Estrella","og_description":"\u00a1Mil gracias por tu donaci\u00f3n! De parte de todo el equipo de Solidarios Estrella, queremos darte las gracias desde lo m\u00e1s profundo del coraz\u00f3n. Tu donaci\u00f3n \u2014ya sea de $10, [&hellip;]","og_url":"https:\/\/solidariosestrella.org\/en\/agradecimientos\/","og_site_name":"Solidarios Estrella","article_publisher":"https:\/\/www.facebook.com\/profile.php?id=61576196532485","article_modified_time":"2025-09-03T23:50:52+00:00","og_image":[{"width":1358,"height":517,"url":"https:\/\/solidariosestrella.org\/wp-content\/uploads\/2025\/07\/SE_Sobre-Nosotros-Valores-2-1.png","type":"image\/png"}],"twitter_card":"summary_large_image","twitter_site":"@FSolidariosE","twitter_misc":{"Est. reading time":"1 minute"},"schema":{"@context":"https:\/\/schema.org","@graph":[{"@type":"WebPage","@id":"https:\/\/solidariosestrella.org\/agradecimientos\/","url":"https:\/\/solidariosestrella.org\/agradecimientos\/","name":"Agradecimientos - Solidarios Estrella","isPartOf":{"@id":"https:\/\/solidariosestrella.org\/#website"},"primaryImageOfPage":{"@id":"https:\/\/solidariosestrella.org\/agradecimientos\/#primaryimage"},"image":{"@id":"https:\/\/solidariosestrella.org\/agradecimientos\/#primaryimage"},"thumbnailUrl":"https:\/\/solidariosestrella.org\/wp-content\/uploads\/2025\/07\/SE_Sobre-Nosotros-Valores-2-1.png","datePublished":"2025-09-03T23:47:29+00:00","dateModified":"2025-09-03T23:50:52+00:00","breadcrumb":{"@id":"https:\/\/solidariosestrella.org\/agradecimientos\/#breadcrumb"},"inLanguage":"en-US","potentialAction":[{"@type":"ReadAction","target":["https:\/\/solidariosestrella.org\/agradecimientos\/"]}]},{"@type":"ImageObject","inLanguage":"en-US","@id":"https:\/\/solidariosestrella.org\/agradecimientos\/#primaryimage","url":"https:\/\/solidariosestrella.org\/wp-content\/uploads\/2025\/07\/SE_Sobre-Nosotros-Valores-2-1.png","contentUrl":"https:\/\/solidariosestrella.org\/wp-content\/uploads\/2025\/07\/SE_Sobre-Nosotros-Valores-2-1.png","width":1358,"height":517},{"@type":"BreadcrumbList","@id":"https:\/\/solidariosestrella.org\/agradecimientos\/#breadcrumb","itemListElement":[{"@type":"ListItem","position":1,"name":"Home","item":"https:\/\/solidariosestrella.org\/"},{"@type":"ListItem","position":2,"name":"Agradecimientos"}]},{"@type":"WebSite","@id":"https:\/\/solidariosestrella.org\/#website","url":"https:\/\/solidariosestrella.org\/","name":"Solidarios Estrella","description":"","publisher":{"@id":"https:\/\/solidariosestrella.org\/#organization"},"potentialAction":[{"@type":"SearchAction","target":{"@type":"EntryPoint","urlTemplate":"https:\/\/solidariosestrella.org\/?s={search_term_string}"},"query-input":{"@type":"PropertyValueSpecification","valueRequired":true,"valueName":"search_term_string"}}],"inLanguage":"en-US"},{"@type":"Organization","@id":"https:\/\/solidariosestrella.org\/#organization","name":"Solidarios Estrella","url":"https:\/\/solidariosestrella.org\/","logo":{"@type":"ImageObject","inLanguage":"en-US","@id":"https:\/\/solidariosestrella.org\/#\/schema\/logo\/image\/","url":"https:\/\/solidariosestrella.org\/wp-content\/uploads\/2025\/07\/SE_LogoColorHD_250712_V1.png","contentUrl":"https:\/\/solidariosestrella.org\/wp-content\/uploads\/2025\/07\/SE_LogoColorHD_250712_V1.png","width":1782,"height":406,"caption":"Solidarios Estrella"},"image":{"@id":"https:\/\/solidariosestrella.org\/#\/schema\/logo\/image\/"},"sameAs":["https:\/\/www.facebook.com\/profile.php?id=61576196532485","https:\/\/x.com\/FSolidariosE","https:\/\/www.youtube.com\/@FundacionSolidariosEstrella","https:\/\/www.instagram.com\/solidariosestrella?utm_source=ig_web_button_share_sheet&igsh=cHI0OW4wYW8ybDE="]}]}},"_links":{"self":[{"href":"https:\/\/solidariosestrella.org\/en\/wp-json\/wp\/v2\/pages\/2040","targetHints":{"allow":["GET"]}}],"collection":[{"href":"https:\/\/solidariosestrella.org\/en\/wp-json\/wp\/v2\/pages"}],"about":[{"href":"https:\/\/solidariosestrella.org\/en\/wp-json\/wp\/v2\/types\/page"}],"author":[{"embeddable":true,"href":"https:\/\/solidariosestrella.org\/en\/wp-json\/wp\/v2\/users\/1"}],"replies":[{"embeddable":true,"href":"https:\/\/solidariosestrella.org\/en\/wp-json\/wp\/v2\/comments?post=2040"}],"version-history":[{"count":0,"href":"https:\/\/solidariosestrella.org\/en\/wp-json\/wp\/v2\/pages\/2040\/revisions"}],"wp:featuredmedia":[{"embeddable":true,"href":"https:\/\/solidariosestrella.org\/en\/wp-json\/wp\/v2\/media\/1362"}],"wp:attachment":[{"href":"https:\/\/solidariosestrella.org\/en\/wp-json\/wp\/v2\/media?parent=2040"}],"wp:term":[{"taxonomy":"categoria","embeddable":true,"href":"https:\/\/solidariosestrella.org\/en\/wp-json\/wp\/v2\/categoria?post=2040"}],"curies":[{"name":"wp","href":"https:\/\/api.w.org\/{rel}","templated":true}]}}